{"id":801,"date":"2017-06-14T17:57:53","date_gmt":"2017-06-14T15:57:53","guid":{"rendered":"http:\/\/www.chantecigale.com\/chante-cigale\/"},"modified":"2020-01-31T14:31:56","modified_gmt":"2020-01-31T13:31:56","slug":"chante-cigale","status":"publish","type":"page","link":"https:\/\/www.chantecigale.com\/en\/","title":{"rendered":"Chante Cigale"},"content":{"rendered":"<p style=\"text-align: center;\"><span style=\"font-size: 14pt;\"><strong><a href=\"http:\/\/www.chantecigale.com\/contact\/\">Nous contacter<\/a><\/strong><\/span><\/p>\n","protected":false},"excerpt":{"rendered":"<p>Nous contacter<\/p>\n","protected":false},"author":1,"featured_media":0,"parent":0,"menu_order":0,"comment_status":"closed","ping_status":"closed","template":"page-templates\/front.php","meta":{"footnotes":""},"class_list":["post-801","page","type-page","status-publish","hentry"],"yoast_head":"<!-- This site is optimized with the Yoast SEO plugin v26.9 - https:\/\/yoast.com\/product\/yoast-seo-wordpress\/ -->\n<title>Domaine Chante Cigale - Ch\u00e2teauneuf du Pape<\/title>\n<meta name=\"description\" content=\"Le Domaine Chante Cigale est aujourd\u2019hui une des plus importantes propri\u00e9t\u00e9s familiales de Ch\u00e2teauneuf-du-Pape.\" \/>\n<meta name=\"robots\" content=\"index, follow, max-snippet:-1, max-image-preview:large, max-video-preview:-1\" \/>\n<link rel=\"canonical\" href=\"https:\/\/www.chantecigale.com\/en\/\" \/>\n<meta property=\"og:locale\" content=\"en_US\" \/>\n<meta property=\"og:type\" content=\"article\" \/>\n<meta property=\"og:title\" content=\"Domaine Chante Cigale - Ch\u00e2teauneuf du Pape\" \/>\n<meta property=\"og:description\" content=\"Le Domaine Chante Cigale est aujourd\u2019hui une des plus importantes propri\u00e9t\u00e9s familiales de Ch\u00e2teauneuf-du-Pape.\" \/>\n<meta property=\"og:url\" content=\"https:\/\/www.chantecigale.com\/en\/\" \/>\n<meta property=\"og:site_name\" content=\"Domaine Chante Cigale\" \/>\n<meta property=\"article:modified_time\" content=\"2020-01-31T13:31:56+00:00\" \/>\n<meta name=\"twitter:card\" content=\"summary_large_image\" \/>\n<script type=\"application\/ld+json\" class=\"yoast-schema-graph\">{\"@context\":\"https:\/\/schema.org\",\"@graph\":[{\"@type\":\"WebPage\",\"@id\":\"https:\/\/www.chantecigale.com\/en\/\",\"url\":\"https:\/\/www.chantecigale.com\/en\/\",\"name\":\"Domaine Chante Cigale - Ch\u00e2teauneuf du Pape\",\"isPartOf\":{\"@id\":\"https:\/\/www.chantecigale.com\/en\/#website\"},\"datePublished\":\"2017-06-14T15:57:53+00:00\",\"dateModified\":\"2020-01-31T13:31:56+00:00\",\"description\":\"Le Domaine Chante Cigale est aujourd\u2019hui une des plus importantes propri\u00e9t\u00e9s familiales de Ch\u00e2teauneuf-du-Pape.\",\"breadcrumb\":{\"@id\":\"https:\/\/www.chantecigale.com\/en\/#breadcrumb\"},\"inLanguage\":\"en-US\",\"potentialAction\":[{\"@type\":\"ReadAction\",\"target\":[\"https:\/\/www.chantecigale.com\/en\/\"]}]},{\"@type\":\"BreadcrumbList\",\"@id\":\"https:\/\/www.chantecigale.com\/en\/#breadcrumb\",\"itemListElement\":[{\"@type\":\"ListItem\",\"position\":1,\"name\":\"Accueil\",\"item\":\"https:\/\/www.chantecigale.com\/en\/chante-cigale\/\"},{\"@type\":\"ListItem\",\"position\":2,\"name\":\"Chante Cigale\"}]},{\"@type\":\"WebSite\",\"@id\":\"https:\/\/www.chantecigale.com\/en\/#website\",\"url\":\"https:\/\/www.chantecigale.com\/en\/\",\"name\":\"Domaine Chante Cigale\",\"description\":\"Domaine viticole \u00e0 Ch\u00e2teauneuf du Pape\",\"potentialAction\":[{\"@type\":\"SearchAction\",\"target\":{\"@type\":\"EntryPoint\",\"urlTemplate\":\"https:\/\/www.chantecigale.com\/en\/?s={search_term_string}\"},\"query-input\":{\"@type\":\"PropertyValueSpecification\",\"valueRequired\":true,\"valueName\":\"search_term_string\"}}],\"inLanguage\":\"en-US\"}]}<\/script>\n<!-- \/ Yoast SEO plugin. -->","yoast_head_json":{"title":"Domaine Chante Cigale - Ch\u00e2teauneuf du Pape","description":"Le Domaine Chante Cigale est aujourd\u2019hui une des plus importantes propri\u00e9t\u00e9s familiales de Ch\u00e2teauneuf-du-Pape.","robots":{"index":"index","follow":"follow","max-snippet":"max-snippet:-1","max-image-preview":"max-image-preview:large","max-video-preview":"max-video-preview:-1"},"canonical":"https:\/\/www.chantecigale.com\/en\/","og_locale":"en_US","og_type":"article","og_title":"Domaine Chante Cigale - Ch\u00e2teauneuf du Pape","og_description":"Le Domaine Chante Cigale est aujourd\u2019hui une des plus importantes propri\u00e9t\u00e9s familiales de Ch\u00e2teauneuf-du-Pape.","og_url":"https:\/\/www.chantecigale.com\/en\/","og_site_name":"Domaine Chante Cigale","article_modified_time":"2020-01-31T13:31:56+00:00","twitter_card":"summary_large_image","schema":{"@context":"https:\/\/schema.org","@graph":[{"@type":"WebPage","@id":"https:\/\/www.chantecigale.com\/en\/","url":"https:\/\/www.chantecigale.com\/en\/","name":"Domaine Chante Cigale - Ch\u00e2teauneuf du Pape","isPartOf":{"@id":"https:\/\/www.chantecigale.com\/en\/#website"},"datePublished":"2017-06-14T15:57:53+00:00","dateModified":"2020-01-31T13:31:56+00:00","description":"Le Domaine Chante Cigale est aujourd\u2019hui une des plus importantes propri\u00e9t\u00e9s familiales de Ch\u00e2teauneuf-du-Pape.","breadcrumb":{"@id":"https:\/\/www.chantecigale.com\/en\/#breadcrumb"},"inLanguage":"en-US","potentialAction":[{"@type":"ReadAction","target":["https:\/\/www.chantecigale.com\/en\/"]}]},{"@type":"BreadcrumbList","@id":"https:\/\/www.chantecigale.com\/en\/#breadcrumb","itemListElement":[{"@type":"ListItem","position":1,"name":"Accueil","item":"https:\/\/www.chantecigale.com\/en\/chante-cigale\/"},{"@type":"ListItem","position":2,"name":"Chante Cigale"}]},{"@type":"WebSite","@id":"https:\/\/www.chantecigale.com\/en\/#website","url":"https:\/\/www.chantecigale.com\/en\/","name":"Domaine Chante Cigale","description":"Domaine viticole \u00e0 Ch\u00e2teauneuf du Pape","potentialAction":[{"@type":"SearchAction","target":{"@type":"EntryPoint","urlTemplate":"https:\/\/www.chantecigale.com\/en\/?s={search_term_string}"},"query-input":{"@type":"PropertyValueSpecification","valueRequired":true,"valueName":"search_term_string"}}],"inLanguage":"en-US"}]}},"_links":{"self":[{"href":"https:\/\/www.chantecigale.com\/en\/wp-json\/wp\/v2\/pages\/801","targetHints":{"allow":["GET"]}}],"collection":[{"href":"https:\/\/www.chantecigale.com\/en\/wp-json\/wp\/v2\/pages"}],"about":[{"href":"https:\/\/www.chantecigale.com\/en\/wp-json\/wp\/v2\/types\/page"}],"author":[{"embeddable":true,"href":"https:\/\/www.chantecigale.com\/en\/wp-json\/wp\/v2\/users\/1"}],"replies":[{"embeddable":true,"href":"https:\/\/www.chantecigale.com\/en\/wp-json\/wp\/v2\/comments?post=801"}],"version-history":[{"count":3,"href":"https:\/\/www.chantecigale.com\/en\/wp-json\/wp\/v2\/pages\/801\/revisions"}],"predecessor-version":[{"id":3814,"href":"https:\/\/www.chantecigale.com\/en\/wp-json\/wp\/v2\/pages\/801\/revisions\/3814"}],"wp:attachment":[{"href":"https:\/\/www.chantecigale.com\/en\/wp-json\/wp\/v2\/media?parent=801"}],"curies":[{"name":"wp","href":"https:\/\/api.w.org\/{rel}","templated":true}]}}